{"id":718,"date":"2023-08-20T02:05:47","date_gmt":"2023-08-20T00:05:47","guid":{"rendered":"https:\/\/petalosbyceg.com\/new\/?page_id=718"},"modified":"2023-08-20T02:18:00","modified_gmt":"2023-08-20T00:18:00","slug":"politica-de-cookies","status":"publish","type":"page","link":"https:\/\/petalosbyceg.com\/new\/index.php\/politica-de-cookies\/","title":{"rendered":"Pol\u00edtica de cookies"},"content":{"rendered":"\t\t<div data-elementor-type=\"wp-page\" data-elementor-id=\"718\" class=\"elementor elementor-718\" data-elementor-post-type=\"page\">\n\t\t\t\t\t\t<section class=\"elementor-section elementor-top-section elementor-element elementor-element-3c7a2eed elementor-section-boxed elementor-section-height-default elementor-section-height-default\" data-id=\"3c7a2eed\" data-element_type=\"section\">\n\t\t\t\t\t\t<div class=\"elementor-container elementor-column-gap-default\">\n\t\t\t\t\t<div class=\"elementor-column elementor-col-100 elementor-top-column elementor-element elementor-element-227ca897\" data-id=\"227ca897\" data-element_type=\"column\">\n\t\t\t<div class=\"elementor-widget-wrap elementor-element-populated\">\n\t\t\t\t\t\t<div class=\"elementor-element elementor-element-19b3211a elementor-widget elementor-widget-text-editor\" data-id=\"19b3211a\" data-element_type=\"widget\" data-widget_type=\"text-editor.default\">\n\t\t\t\t<div class=\"elementor-widget-container\">\n\t\t\t<style>\/*! elementor - v3.19.0 - 07-02-2024 *\/\n.elementor-widget-text-editor.elementor-drop-cap-view-stacked .elementor-drop-cap{background-color:#69727d;color:#fff}.elementor-widget-text-editor.elementor-drop-cap-view-framed .elementor-drop-cap{color:#69727d;border:3px solid;background-color:transparent}.elementor-widget-text-editor:not(.elementor-drop-cap-view-default) .elementor-drop-cap{margin-top:8px}.elementor-widget-text-editor:not(.elementor-drop-cap-view-default) .elementor-drop-cap-letter{width:1em;height:1em}.elementor-widget-text-editor .elementor-drop-cap{float:left;text-align:center;line-height:1;font-size:50px}.elementor-widget-text-editor .elementor-drop-cap-letter{display:inline-block}<\/style>\t\t\t\t<p>En PetalosByCEG, utilizamos cookies y tecnolog\u00edas similares en nuestro sitio web para mejorar tu experiencia de navegaci\u00f3n. Esta Pol\u00edtica de Cookies explica c\u00f3mo utilizamos estas tecnolog\u00edas y c\u00f3mo puedes administrar tus preferencias al respecto.<\/p><p><strong>\u00bfQu\u00e9 son las Cookies?<\/strong><\/p><p>Las cookies son peque\u00f1os archivos de texto que se almacenan en tu dispositivo cuando visitas nuestro sitio web. Estas cookies recopilan informaci\u00f3n sobre tu navegaci\u00f3n y pueden incluir detalles como tus preferencias, la actividad del sitio y otros datos.<\/p><p><strong>Tipos de Cookies que Utilizamos:<\/strong><\/p><ul><li><p><strong>Cookies Esenciales:<\/strong> Estas cookies son necesarias para el funcionamiento b\u00e1sico del sitio web y te permiten navegar por \u00e9l y utilizar sus caracter\u00edsticas.<\/p><\/li><li><p><strong>Cookies de Rendimiento:<\/strong> Estas cookies recopilan informaci\u00f3n sobre c\u00f3mo los visitantes utilizan el sitio web, como las p\u00e1ginas que visitan con mayor frecuencia y si reciben mensajes de error. Esta informaci\u00f3n nos ayuda a mejorar la funcionalidad del sitio.<\/p><\/li><li><p><strong>Cookies de Funcionalidad:<\/strong> Estas cookies permiten que el sitio web recuerde las elecciones que has hecho, como tu nombre de usuario, idioma o regi\u00f3n, y proporciona caracter\u00edsticas mejoradas y m\u00e1s personalizadas.<\/p><\/li><li><p><strong>Cookies de Publicidad y Seguimiento:<\/strong> Utilizamos estas cookies para mostrar anuncios relevantes para ti y tus intereses. Tambi\u00e9n nos ayudan a medir la eficacia de nuestras campa\u00f1as publicitarias.<\/p><\/li><\/ul><p><strong>C\u00f3mo Puedes Controlar las Cookies:<\/strong><\/p><p>Puedes administrar tus preferencias de cookies a trav\u00e9s de la configuraci\u00f3n de tu navegador. La mayor\u00eda de los navegadores te permiten bloquear o eliminar cookies, as\u00ed como configurar notificaciones cuando se utilizan cookies. Sin embargo, ten en cuenta que deshabilitar ciertas cookies puede afectar la funcionalidad de nuestro sitio web.<\/p><p><strong>Enlaces a Terceros:<\/strong><\/p><p>Nuestro sitio web puede incluir enlaces a sitios web de terceros. Estos sitios web tienen sus propias pol\u00edticas de cookies, por lo que te recomendamos revisar sus pol\u00edticas cuando los visites.<\/p><p><strong>Cambios en la Pol\u00edtica de Cookies:<\/strong><\/p><p>Esta Pol\u00edtica de Cookies puede actualizarse ocasionalmente para reflejar cambios en nuestras pr\u00e1cticas o regulaciones. Te recomendamos revisar esta pol\u00edtica peri\u00f3dicamente para mantenerte informado\/a sobre c\u00f3mo utilizamos las cookies.<\/p><p><strong>Contacto:<\/strong><\/p><p>Si tienes preguntas sobre nuestra Pol\u00edtica de Cookies, cont\u00e1ctanos a trav\u00e9s de info@petalosbyceg.com<\/p>\t\t\t\t\t\t<\/div>\n\t\t\t\t<\/div>\n\t\t\t\t\t<\/div>\n\t\t<\/div>\n\t\t\t\t\t<\/div>\n\t\t<\/section>\n\t\t\t\t<\/div>\n\t\t","protected":false},"excerpt":{"rendered":"<p>En PetalosByCEG, utilizamos cookies y tecnolog\u00edas similares en nuestro sitio web para mejorar tu experiencia de navegaci\u00f3n. Esta Pol\u00edtica de Cookies explica c\u00f3mo utilizamos estas tecnolog\u00edas y c\u00f3mo puedes administrar tus preferencias al respecto. \u00bfQu\u00e9 son las Cookies? Las cookies son peque\u00f1os archivos de texto que se almacenan en tu dispositivo cuando visitas nuestro sitio [&hellip;]<\/p>\n","protected":false},"author":1,"featured_media":0,"parent":0,"menu_order":0,"comment_status":"closed","ping_status":"closed","template":"","meta":{"footnotes":""},"yoast_head":"<!-- This site is optimized with the Yoast SEO Premium plugin v20.6 (Yoast SEO v22.1) - https:\/\/yoast.com\/wordpress\/plugins\/seo\/ -->\n<title>Pol\u00edtica de cookies - Petalos Sleepwear y Accesorios<\/title>\n<meta name=\"robots\" content=\"index, follow, max-snippet:-1, max-image-preview:large, max-video-preview:-1\" \/>\n<link rel=\"canonical\" href=\"https:\/\/petalosbyceg.com\/new\/index.php\/politica-de-cookies\/\" \/>\n<meta property=\"og:locale\" content=\"en_US\" \/>\n<meta property=\"og:type\" content=\"article\" \/>\n<meta property=\"og:title\" content=\"Pol\u00edtica de cookies\" \/>\n<meta property=\"og:description\" content=\"En PetalosByCEG, utilizamos cookies y tecnolog\u00edas similares en nuestro sitio web para mejorar tu experiencia de navegaci\u00f3n. Esta Pol\u00edtica de Cookies explica c\u00f3mo utilizamos estas tecnolog\u00edas y c\u00f3mo puedes administrar tus preferencias al respecto. \u00bfQu\u00e9 son las Cookies? Las cookies son peque\u00f1os archivos de texto que se almacenan en tu dispositivo cuando visitas nuestro sitio [&hellip;]\" \/>\n<meta property=\"og:url\" content=\"https:\/\/petalosbyceg.com\/new\/index.php\/politica-de-cookies\/\" \/>\n<meta property=\"og:site_name\" content=\"Petalos Sleepwear y Accesorios\" \/>\n<meta property=\"article:publisher\" content=\"https:\/\/www.facebook.com\/profile.php?id=100080175342438\" \/>\n<meta property=\"article:modified_time\" content=\"2023-08-20T00:18:00+00:00\" \/>\n<meta name=\"twitter:card\" content=\"summary_large_image\" \/>\n<meta name=\"twitter:label1\" content=\"Est. reading time\" \/>\n\t<meta name=\"twitter:data1\" content=\"2 minutes\" \/>\n<script type=\"application\/ld+json\" class=\"yoast-schema-graph\">{\"@context\":\"https:\/\/schema.org\",\"@graph\":[{\"@type\":\"WebPage\",\"@id\":\"https:\/\/petalosbyceg.com\/new\/index.php\/politica-de-cookies\/\",\"url\":\"https:\/\/petalosbyceg.com\/new\/index.php\/politica-de-cookies\/\",\"name\":\"Pol\u00edtica de cookies - Petalos Sleepwear y Accesorios\",\"isPartOf\":{\"@id\":\"https:\/\/petalosbyceg.com\/new\/#website\"},\"datePublished\":\"2023-08-20T00:05:47+00:00\",\"dateModified\":\"2023-08-20T00:18:00+00:00\",\"breadcrumb\":{\"@id\":\"https:\/\/petalosbyceg.com\/new\/index.php\/politica-de-cookies\/#breadcrumb\"},\"inLanguage\":\"en-US\",\"potentialAction\":[{\"@type\":\"ReadAction\",\"target\":[\"https:\/\/petalosbyceg.com\/new\/index.php\/politica-de-cookies\/\"]}]},{\"@type\":\"BreadcrumbList\",\"@id\":\"https:\/\/petalosbyceg.com\/new\/index.php\/politica-de-cookies\/#breadcrumb\",\"itemListElement\":[{\"@type\":\"ListItem\",\"position\":1,\"name\":\"Portada\",\"item\":\"https:\/\/petalosbyceg.com\/new\/\"},{\"@type\":\"ListItem\",\"position\":2,\"name\":\"Pol\u00edtica de cookies\"}]},{\"@type\":\"WebSite\",\"@id\":\"https:\/\/petalosbyceg.com\/new\/#website\",\"url\":\"https:\/\/petalosbyceg.com\/new\/\",\"name\":\"Petalos Sleepwear y Accesorios\",\"description\":\"\",\"publisher\":{\"@id\":\"https:\/\/petalosbyceg.com\/new\/#organization\"},\"potentialAction\":[{\"@type\":\"SearchAction\",\"target\":{\"@type\":\"EntryPoint\",\"urlTemplate\":\"https:\/\/petalosbyceg.com\/new\/?s={search_term_string}\"},\"query-input\":\"required name=search_term_string\"}],\"inLanguage\":\"en-US\"},{\"@type\":\"Organization\",\"@id\":\"https:\/\/petalosbyceg.com\/new\/#organization\",\"name\":\"Petalos Sleepwear y Accesorios\",\"url\":\"https:\/\/petalosbyceg.com\/new\/\",\"logo\":{\"@type\":\"ImageObject\",\"inLanguage\":\"en-US\",\"@id\":\"https:\/\/petalosbyceg.com\/new\/#\/schema\/logo\/image\/\",\"url\":\"https:\/\/petalosbyceg.com\/new\/wp-content\/uploads\/2023\/08\/logo-horizontal-petalos.png\",\"contentUrl\":\"https:\/\/petalosbyceg.com\/new\/wp-content\/uploads\/2023\/08\/logo-horizontal-petalos.png\",\"width\":900,\"height\":289,\"caption\":\"Petalos Sleepwear y Accesorios\"},\"image\":{\"@id\":\"https:\/\/petalosbyceg.com\/new\/#\/schema\/logo\/image\/\"},\"sameAs\":[\"https:\/\/www.facebook.com\/profile.php?id=100080175342438\",\"https:\/\/www.instagram.com\/petalosbyceg\/\"]}]}<\/script>\n<!-- \/ Yoast SEO Premium plugin. -->","yoast_head_json":{"title":"Pol\u00edtica de cookies - Petalos Sleepwear y Accesorios","robots":{"index":"index","follow":"follow","max-snippet":"max-snippet:-1","max-image-preview":"max-image-preview:large","max-video-preview":"max-video-preview:-1"},"canonical":"https:\/\/petalosbyceg.com\/new\/index.php\/politica-de-cookies\/","og_locale":"en_US","og_type":"article","og_title":"Pol\u00edtica de cookies","og_description":"En PetalosByCEG, utilizamos cookies y tecnolog\u00edas similares en nuestro sitio web para mejorar tu experiencia de navegaci\u00f3n. Esta Pol\u00edtica de Cookies explica c\u00f3mo utilizamos estas tecnolog\u00edas y c\u00f3mo puedes administrar tus preferencias al respecto. \u00bfQu\u00e9 son las Cookies? Las cookies son peque\u00f1os archivos de texto que se almacenan en tu dispositivo cuando visitas nuestro sitio [&hellip;]","og_url":"https:\/\/petalosbyceg.com\/new\/index.php\/politica-de-cookies\/","og_site_name":"Petalos Sleepwear y Accesorios","article_publisher":"https:\/\/www.facebook.com\/profile.php?id=100080175342438","article_modified_time":"2023-08-20T00:18:00+00:00","twitter_card":"summary_large_image","twitter_misc":{"Est. reading time":"2 minutes"},"schema":{"@context":"https:\/\/schema.org","@graph":[{"@type":"WebPage","@id":"https:\/\/petalosbyceg.com\/new\/index.php\/politica-de-cookies\/","url":"https:\/\/petalosbyceg.com\/new\/index.php\/politica-de-cookies\/","name":"Pol\u00edtica de cookies - Petalos Sleepwear y Accesorios","isPartOf":{"@id":"https:\/\/petalosbyceg.com\/new\/#website"},"datePublished":"2023-08-20T00:05:47+00:00","dateModified":"2023-08-20T00:18:00+00:00","breadcrumb":{"@id":"https:\/\/petalosbyceg.com\/new\/index.php\/politica-de-cookies\/#breadcrumb"},"inLanguage":"en-US","potentialAction":[{"@type":"ReadAction","target":["https:\/\/petalosbyceg.com\/new\/index.php\/politica-de-cookies\/"]}]},{"@type":"BreadcrumbList","@id":"https:\/\/petalosbyceg.com\/new\/index.php\/politica-de-cookies\/#breadcrumb","itemListElement":[{"@type":"ListItem","position":1,"name":"Portada","item":"https:\/\/petalosbyceg.com\/new\/"},{"@type":"ListItem","position":2,"name":"Pol\u00edtica de cookies"}]},{"@type":"WebSite","@id":"https:\/\/petalosbyceg.com\/new\/#website","url":"https:\/\/petalosbyceg.com\/new\/","name":"Petalos Sleepwear y Accesorios","description":"","publisher":{"@id":"https:\/\/petalosbyceg.com\/new\/#organization"},"potentialAction":[{"@type":"SearchAction","target":{"@type":"EntryPoint","urlTemplate":"https:\/\/petalosbyceg.com\/new\/?s={search_term_string}"},"query-input":"required name=search_term_string"}],"inLanguage":"en-US"},{"@type":"Organization","@id":"https:\/\/petalosbyceg.com\/new\/#organization","name":"Petalos Sleepwear y Accesorios","url":"https:\/\/petalosbyceg.com\/new\/","logo":{"@type":"ImageObject","inLanguage":"en-US","@id":"https:\/\/petalosbyceg.com\/new\/#\/schema\/logo\/image\/","url":"https:\/\/petalosbyceg.com\/new\/wp-content\/uploads\/2023\/08\/logo-horizontal-petalos.png","contentUrl":"https:\/\/petalosbyceg.com\/new\/wp-content\/uploads\/2023\/08\/logo-horizontal-petalos.png","width":900,"height":289,"caption":"Petalos Sleepwear y Accesorios"},"image":{"@id":"https:\/\/petalosbyceg.com\/new\/#\/schema\/logo\/image\/"},"sameAs":["https:\/\/www.facebook.com\/profile.php?id=100080175342438","https:\/\/www.instagram.com\/petalosbyceg\/"]}]}},"_links":{"self":[{"href":"https:\/\/petalosbyceg.com\/new\/index.php\/wp-json\/wp\/v2\/pages\/718"}],"collection":[{"href":"https:\/\/petalosbyceg.com\/new\/index.php\/wp-json\/wp\/v2\/pages"}],"about":[{"href":"https:\/\/petalosbyceg.com\/new\/index.php\/wp-json\/wp\/v2\/types\/page"}],"author":[{"embeddable":true,"href":"https:\/\/petalosbyceg.com\/new\/index.php\/wp-json\/wp\/v2\/users\/1"}],"replies":[{"embeddable":true,"href":"https:\/\/petalosbyceg.com\/new\/index.php\/wp-json\/wp\/v2\/comments?post=718"}],"version-history":[{"count":6,"href":"https:\/\/petalosbyceg.com\/new\/index.php\/wp-json\/wp\/v2\/pages\/718\/revisions"}],"predecessor-version":[{"id":724,"href":"https:\/\/petalosbyceg.com\/new\/index.php\/wp-json\/wp\/v2\/pages\/718\/revisions\/724"}],"wp:attachment":[{"href":"https:\/\/petalosbyceg.com\/new\/index.php\/wp-json\/wp\/v2\/media?parent=718"}],"curies":[{"name":"wp","href":"https:\/\/api.w.org\/{rel}","templated":true}]}}