{"id":12,"date":"2023-08-10T16:44:00","date_gmt":"2023-08-10T14:44:00","guid":{"rendered":"https:\/\/petalosbyceg.com\/new\/?post_type=product&#038;p=12"},"modified":"2023-08-16T05:53:01","modified_gmt":"2023-08-16T03:53:01","slug":"cayena","status":"publish","type":"product","link":"https:\/\/petalosbyceg.com\/new\/index.php\/producto\/cayena\/","title":{"rendered":"CAYENA"},"content":{"rendered":"<p>Descubre la esencia misma del lujo y la intimidad con nuestro exquisito pijama en conjunto, dise\u00f1ado para cautivar con su elegancia y toque rom\u00e1ntico.<\/p>\n<p>La camisa de manga larga, con sus detalles meticulosamente elaborados, es una obra de arte en s\u00ed misma. Los apliques de encaje delicadamente colocados en el pecho y las mangas a\u00f1aden un aire de sofisticaci\u00f3n y sensualidad. El encaje, s\u00edmbolo de feminidad y belleza atemporal, agrega un toque de romance a la prenda, transformando cada momento en una experiencia encantadora.<\/p>\n<p>El short, con su corte favorecedor y femenino, se convierte en un lienzo para m\u00e1s detalles de encaje. Los apliques en las piernas le confieren un encanto \u00fanico, creando una armon\u00eda visual con la camisa. La suavidad de la tela contra tu piel te recordar\u00e1 que la comodidad y la elegancia pueden coexistir en perfecta armon\u00eda.<\/p>\n<p>Este conjunto no es solo un pijama; es una declaraci\u00f3n de estilo personal y un reflejo de tu naturaleza rom\u00e1ntica. Ya sea que busques a\u00f1adir un toque de glamour a tus noches en casa o quieras sorprender a alguien especial, este pijama en conjunto te brinda la oportunidad de hacerlo con gracia y encanto. Deja que la combinaci\u00f3n de detalles elegantes y encaje cautivador hable por s\u00ed misma y te envuelva en una experiencia de lujo \u00edntimo.<\/p>\n","protected":false},"excerpt":{"rendered":"<p>Pijama en conjunto, elegante y rom\u00e1ntica. Camisa manga larga con aplique en encaje en pecho y mangas, short con aplique en encaje en piernas.<\/p>\n","protected":false},"featured_media":23,"comment_status":"closed","ping_status":"closed","template":"","meta":[],"product_cat":[40,51,30,26,52,37,48],"product_tag":[],"yoast_head":"<!-- This site is optimized with the Yoast SEO Premium plugin v20.6 (Yoast SEO v22.1) - https:\/\/yoast.com\/wordpress\/plugins\/seo\/ -->\n<title>CAYENA - Petalos Sleepwear y Accesorios<\/title>\n<meta name=\"robots\" content=\"index, follow, max-snippet:-1, max-image-preview:large, max-video-preview:-1\" \/>\n<link rel=\"canonical\" href=\"https:\/\/petalosbyceg.com\/new\/index.php\/producto\/cayena\/\" \/>\n<meta property=\"og:locale\" content=\"en_US\" \/>\n<meta property=\"og:type\" content=\"article\" \/>\n<meta property=\"og:title\" content=\"CAYENA\" \/>\n<meta property=\"og:description\" content=\"Pijama en conjunto, elegante y rom\u00e1ntica. Camisa manga larga con aplique en encaje en pecho y mangas, short con aplique en encaje en piernas.\" \/>\n<meta property=\"og:url\" content=\"https:\/\/petalosbyceg.com\/new\/index.php\/producto\/cayena\/\" \/>\n<meta property=\"og:site_name\" content=\"Petalos Sleepwear y Accesorios\" \/>\n<meta property=\"article:publisher\" content=\"https:\/\/www.facebook.com\/profile.php?id=100080175342438\" \/>\n<meta property=\"article:modified_time\" content=\"2023-08-16T03:53:01+00:00\" \/>\n<meta property=\"og:image\" content=\"https:\/\/petalosbyceg.com\/new\/wp-content\/uploads\/2023\/08\/PIJAMAS-32-scaled.jpg\" \/>\n\t<meta property=\"og:image:width\" content=\"1707\" \/>\n\t<meta property=\"og:image:height\" content=\"2560\" \/>\n\t<meta property=\"og:image:type\" content=\"image\/jpeg\" \/>\n<meta name=\"twitter:card\" content=\"summary_large_image\" \/>\n<meta name=\"twitter:label1\" content=\"Availability\" \/>\n\t<meta name=\"twitter:data1\" content=\"In stock\" \/>\n<script type=\"application\/ld+json\" class=\"yoast-schema-graph\">{\"@context\":\"https:\/\/schema.org\",\"@graph\":[{\"@type\":\"WebPage\",\"@id\":\"https:\/\/petalosbyceg.com\/new\/index.php\/producto\/cayena\/\",\"url\":\"https:\/\/petalosbyceg.com\/new\/index.php\/producto\/cayena\/\",\"name\":\"CAYENA - Petalos Sleepwear y Accesorios\",\"isPartOf\":{\"@id\":\"https:\/\/petalosbyceg.com\/new\/#website\"},\"datePublished\":\"2023-08-10T14:44:00+00:00\",\"dateModified\":\"2023-08-16T03:53:01+00:00\",\"breadcrumb\":{\"@id\":\"https:\/\/petalosbyceg.com\/new\/index.php\/producto\/cayena\/#breadcrumb\"},\"inLanguage\":\"en-US\",\"potentialAction\":[{\"@type\":\"ReadAction\",\"target\":[\"https:\/\/petalosbyceg.com\/new\/index.php\/producto\/cayena\/\"]}]},{\"@type\":\"BreadcrumbList\",\"@id\":\"https:\/\/petalosbyceg.com\/new\/index.php\/producto\/cayena\/#breadcrumb\",\"itemListElement\":[{\"@type\":\"ListItem\",\"position\":1,\"name\":\"Portada\",\"item\":\"https:\/\/petalosbyceg.com\/new\/\"},{\"@type\":\"ListItem\",\"position\":2,\"name\":\"Tienda\",\"item\":\"https:\/\/petalosbyceg.com\/new\/index.php\/tienda\/\"},{\"@type\":\"ListItem\",\"position\":3,\"name\":\"CAYENA\"}]},{\"@type\":\"WebSite\",\"@id\":\"https:\/\/petalosbyceg.com\/new\/#website\",\"url\":\"https:\/\/petalosbyceg.com\/new\/\",\"name\":\"Petalos Sleepwear y Accesorios\",\"description\":\"\",\"publisher\":{\"@id\":\"https:\/\/petalosbyceg.com\/new\/#organization\"},\"potentialAction\":[{\"@type\":\"SearchAction\",\"target\":{\"@type\":\"EntryPoint\",\"urlTemplate\":\"https:\/\/petalosbyceg.com\/new\/?s={search_term_string}\"},\"query-input\":\"required name=search_term_string\"}],\"inLanguage\":\"en-US\"},{\"@type\":\"Organization\",\"@id\":\"https:\/\/petalosbyceg.com\/new\/#organization\",\"name\":\"Petalos Sleepwear y Accesorios\",\"url\":\"https:\/\/petalosbyceg.com\/new\/\",\"logo\":{\"@type\":\"ImageObject\",\"inLanguage\":\"en-US\",\"@id\":\"https:\/\/petalosbyceg.com\/new\/#\/schema\/logo\/image\/\",\"url\":\"https:\/\/petalosbyceg.com\/new\/wp-content\/uploads\/2023\/08\/logo-horizontal-petalos.png\",\"contentUrl\":\"https:\/\/petalosbyceg.com\/new\/wp-content\/uploads\/2023\/08\/logo-horizontal-petalos.png\",\"width\":900,\"height\":289,\"caption\":\"Petalos Sleepwear y Accesorios\"},\"image\":{\"@id\":\"https:\/\/petalosbyceg.com\/new\/#\/schema\/logo\/image\/\"},\"sameAs\":[\"https:\/\/www.facebook.com\/profile.php?id=100080175342438\",\"https:\/\/www.instagram.com\/petalosbyceg\/\"]}]}<\/script>\n<meta property=\"og:availability\" content=\"instock\" \/>\n<meta property=\"product:availability\" content=\"instock\" \/>\n<meta property=\"product:retailer_item_id\" content=\"conjunto encaje\" \/>\n<meta property=\"product:condition\" content=\"new\" \/>\n<!-- \/ Yoast SEO Premium plugin. -->","yoast_head_json":{"title":"CAYENA - Petalos Sleepwear y Accesorios","robots":{"index":"index","follow":"follow","max-snippet":"max-snippet:-1","max-image-preview":"max-image-preview:large","max-video-preview":"max-video-preview:-1"},"canonical":"https:\/\/petalosbyceg.com\/new\/index.php\/producto\/cayena\/","og_locale":"en_US","og_type":"article","og_title":"CAYENA","og_description":"Pijama en conjunto, elegante y rom\u00e1ntica. Camisa manga larga con aplique en encaje en pecho y mangas, short con aplique en encaje en piernas.","og_url":"https:\/\/petalosbyceg.com\/new\/index.php\/producto\/cayena\/","og_site_name":"Petalos Sleepwear y Accesorios","article_publisher":"https:\/\/www.facebook.com\/profile.php?id=100080175342438","article_modified_time":"2023-08-16T03:53:01+00:00","og_image":[{"width":1707,"height":2560,"url":"https:\/\/petalosbyceg.com\/new\/wp-content\/uploads\/2023\/08\/PIJAMAS-32-scaled.jpg","type":"image\/jpeg"}],"twitter_card":"summary_large_image","twitter_misc":{"Availability":"In stock"},"schema":{"@context":"https:\/\/schema.org","@graph":[{"@type":"WebPage","@id":"https:\/\/petalosbyceg.com\/new\/index.php\/producto\/cayena\/","url":"https:\/\/petalosbyceg.com\/new\/index.php\/producto\/cayena\/","name":"CAYENA - Petalos Sleepwear y Accesorios","isPartOf":{"@id":"https:\/\/petalosbyceg.com\/new\/#website"},"datePublished":"2023-08-10T14:44:00+00:00","dateModified":"2023-08-16T03:53:01+00:00","breadcrumb":{"@id":"https:\/\/petalosbyceg.com\/new\/index.php\/producto\/cayena\/#breadcrumb"},"inLanguage":"en-US","potentialAction":[{"@type":"ReadAction","target":["https:\/\/petalosbyceg.com\/new\/index.php\/producto\/cayena\/"]}]},{"@type":"BreadcrumbList","@id":"https:\/\/petalosbyceg.com\/new\/index.php\/producto\/cayena\/#breadcrumb","itemListElement":[{"@type":"ListItem","position":1,"name":"Portada","item":"https:\/\/petalosbyceg.com\/new\/"},{"@type":"ListItem","position":2,"name":"Tienda","item":"https:\/\/petalosbyceg.com\/new\/index.php\/tienda\/"},{"@type":"ListItem","position":3,"name":"CAYENA"}]},{"@type":"WebSite","@id":"https:\/\/petalosbyceg.com\/new\/#website","url":"https:\/\/petalosbyceg.com\/new\/","name":"Petalos Sleepwear y Accesorios","description":"","publisher":{"@id":"https:\/\/petalosbyceg.com\/new\/#organization"},"potentialAction":[{"@type":"SearchAction","target":{"@type":"EntryPoint","urlTemplate":"https:\/\/petalosbyceg.com\/new\/?s={search_term_string}"},"query-input":"required name=search_term_string"}],"inLanguage":"en-US"},{"@type":"Organization","@id":"https:\/\/petalosbyceg.com\/new\/#organization","name":"Petalos Sleepwear y Accesorios","url":"https:\/\/petalosbyceg.com\/new\/","logo":{"@type":"ImageObject","inLanguage":"en-US","@id":"https:\/\/petalosbyceg.com\/new\/#\/schema\/logo\/image\/","url":"https:\/\/petalosbyceg.com\/new\/wp-content\/uploads\/2023\/08\/logo-horizontal-petalos.png","contentUrl":"https:\/\/petalosbyceg.com\/new\/wp-content\/uploads\/2023\/08\/logo-horizontal-petalos.png","width":900,"height":289,"caption":"Petalos Sleepwear y Accesorios"},"image":{"@id":"https:\/\/petalosbyceg.com\/new\/#\/schema\/logo\/image\/"},"sameAs":["https:\/\/www.facebook.com\/profile.php?id=100080175342438","https:\/\/www.instagram.com\/petalosbyceg\/"]}]},"og_availability":"instock","product_availability":"instock","product_retailer_item_id":"conjunto encaje","product_condition":"new"},"_links":{"self":[{"href":"https:\/\/petalosbyceg.com\/new\/index.php\/wp-json\/wp\/v2\/product\/12"}],"collection":[{"href":"https:\/\/petalosbyceg.com\/new\/index.php\/wp-json\/wp\/v2\/product"}],"about":[{"href":"https:\/\/petalosbyceg.com\/new\/index.php\/wp-json\/wp\/v2\/types\/product"}],"replies":[{"embeddable":true,"href":"https:\/\/petalosbyceg.com\/new\/index.php\/wp-json\/wp\/v2\/comments?post=12"}],"version-history":[{"count":8,"href":"https:\/\/petalosbyceg.com\/new\/index.php\/wp-json\/wp\/v2\/product\/12\/revisions"}],"predecessor-version":[{"id":525,"href":"https:\/\/petalosbyceg.com\/new\/index.php\/wp-json\/wp\/v2\/product\/12\/revisions\/525"}],"wp:featuredmedia":[{"embeddable":true,"href":"https:\/\/petalosbyceg.com\/new\/index.php\/wp-json\/wp\/v2\/media\/23"}],"wp:attachment":[{"href":"https:\/\/petalosbyceg.com\/new\/index.php\/wp-json\/wp\/v2\/media?parent=12"}],"wp:term":[{"taxonomy":"product_cat","embeddable":true,"href":"https:\/\/petalosbyceg.com\/new\/index.php\/wp-json\/wp\/v2\/product_cat?post=12"},{"taxonomy":"product_tag","embeddable":true,"href":"https:\/\/petalosbyceg.com\/new\/index.php\/wp-json\/wp\/v2\/product_tag?post=12"}],"curies":[{"name":"wp","href":"https:\/\/api.w.org\/{rel}","templated":true}]}}