{"id":402,"date":"2023-08-15T04:18:21","date_gmt":"2023-08-15T02:18:21","guid":{"rendered":"https:\/\/petalosbyceg.com\/new\/?post_type=product&#038;p=402"},"modified":"2026-01-07T23:55:18","modified_gmt":"2026-01-07T22:55:18","slug":"beta","status":"publish","type":"product","link":"https:\/\/petalosbyceg.com\/new\/index.php\/producto\/beta\/","title":{"rendered":"BETA"},"content":{"rendered":"<p>Introduciendo nuestro vers\u00e1til conjunto multiuso: una combinaci\u00f3n perfecta de estilo y comodidad. Este conjunto incluye una sudadera y un camibuso, ambos confeccionados en un tejido de algod\u00f3n y elastano que te envolver\u00e1 en una sensaci\u00f3n de bienestar.<\/p>\n<p>La sudadera, dise\u00f1ada para abrazarte con calidez, presenta una textura \u00fanica que evoca la delicadeza de una galleta reci\u00e9n horneada. Su suave tejido de algod\u00f3n y elastano no solo te mantendr\u00e1 c\u00f3moda, sino que tambi\u00e9n te ofrecer\u00e1 la libertad de movimiento que necesitas para relajarte al m\u00e1ximo.<\/p>\n<p>El camibuso, con su corte elegante y relajado, se convierte en una opci\u00f3n perfecta tanto para descansar en casa como para disfrutar de un sue\u00f1o tranquilo. Los materiales de algod\u00f3n y elastano se combinan para crear una prenda que se adapta a tus contornos, proporcionando una sensaci\u00f3n de ligereza y comodidad mientras duermes.<\/p>\n<p>Este conjunto es m\u00e1s que una simple indumentaria; es una experiencia de confort que puedes llevar contigo a cualquier momento. Ya sea que est\u00e9s disfrutando de un d\u00eda tranquilo en casa o prepar\u00e1ndote para una noche de descanso, este conjunto multiuso se convierte en tu compa\u00f1ero confiable. No comprometas el estilo por la comodidad, porque con este conjunto, tienes lo mejor de ambos mundos.<\/p>\n","protected":false},"excerpt":{"rendered":"<p>conjunto multiuso, sudadera y camibuso en tejido de algod\u00f3n y elastano con textura tipo galleta. Esta prenda es ideal para estar c\u00f3moda en casa o dormir.<\/p>\n","protected":false},"featured_media":106,"comment_status":"open","ping_status":"closed","template":"","meta":[],"product_cat":[31,38,30,51,52,43,37],"product_tag":[],"yoast_head":"<!-- This site is optimized with the Yoast SEO Premium plugin v20.6 (Yoast SEO v22.1) - https:\/\/yoast.com\/wordpress\/plugins\/seo\/ -->\n<title>BETA - Petalos Sleepwear y Accesorios<\/title>\n<meta name=\"robots\" content=\"index, follow, max-snippet:-1, max-image-preview:large, max-video-preview:-1\" \/>\n<link rel=\"canonical\" href=\"https:\/\/petalosbyceg.com\/new\/index.php\/producto\/beta\/\" \/>\n<meta property=\"og:locale\" content=\"en_US\" \/>\n<meta property=\"og:type\" content=\"article\" \/>\n<meta property=\"og:title\" content=\"BETA\" \/>\n<meta property=\"og:description\" content=\"conjunto multiuso, sudadera y camibuso en tejido de algod\u00f3n y elastano con textura tipo galleta. Esta prenda es ideal para estar c\u00f3moda en casa o dormir.\" \/>\n<meta property=\"og:url\" content=\"https:\/\/petalosbyceg.com\/new\/index.php\/producto\/beta\/\" \/>\n<meta property=\"og:site_name\" content=\"Petalos Sleepwear y Accesorios\" \/>\n<meta property=\"article:publisher\" content=\"https:\/\/www.facebook.com\/profile.php?id=100080175342438\" \/>\n<meta property=\"article:modified_time\" content=\"2026-01-07T22:55:18+00:00\" \/>\n<meta property=\"og:image\" content=\"https:\/\/petalosbyceg.com\/new\/wp-content\/uploads\/2023\/08\/PIJAMAS-26-scaled.jpg\" \/>\n\t<meta property=\"og:image:width\" content=\"1707\" \/>\n\t<meta property=\"og:image:height\" content=\"2560\" \/>\n\t<meta property=\"og:image:type\" content=\"image\/jpeg\" \/>\n<meta name=\"twitter:card\" content=\"summary_large_image\" \/>\n<meta name=\"twitter:label1\" content=\"Availability\" \/>\n\t<meta name=\"twitter:data1\" content=\"In stock\" \/>\n<script type=\"application\/ld+json\" class=\"yoast-schema-graph\">{\"@context\":\"https:\/\/schema.org\",\"@graph\":[{\"@type\":\"WebPage\",\"@id\":\"https:\/\/petalosbyceg.com\/new\/index.php\/producto\/beta\/\",\"url\":\"https:\/\/petalosbyceg.com\/new\/index.php\/producto\/beta\/\",\"name\":\"BETA - Petalos Sleepwear y Accesorios\",\"isPartOf\":{\"@id\":\"https:\/\/petalosbyceg.com\/new\/#website\"},\"datePublished\":\"2023-08-15T02:18:21+00:00\",\"dateModified\":\"2026-01-07T22:55:18+00:00\",\"breadcrumb\":{\"@id\":\"https:\/\/petalosbyceg.com\/new\/index.php\/producto\/beta\/#breadcrumb\"},\"inLanguage\":\"en-US\",\"potentialAction\":[{\"@type\":\"ReadAction\",\"target\":[\"https:\/\/petalosbyceg.com\/new\/index.php\/producto\/beta\/\"]}]},{\"@type\":\"BreadcrumbList\",\"@id\":\"https:\/\/petalosbyceg.com\/new\/index.php\/producto\/beta\/#breadcrumb\",\"itemListElement\":[{\"@type\":\"ListItem\",\"position\":1,\"name\":\"Portada\",\"item\":\"https:\/\/petalosbyceg.com\/new\/\"},{\"@type\":\"ListItem\",\"position\":2,\"name\":\"Tienda\",\"item\":\"https:\/\/petalosbyceg.com\/new\/index.php\/tienda\/\"},{\"@type\":\"ListItem\",\"position\":3,\"name\":\"BETA\"}]},{\"@type\":\"WebSite\",\"@id\":\"https:\/\/petalosbyceg.com\/new\/#website\",\"url\":\"https:\/\/petalosbyceg.com\/new\/\",\"name\":\"Petalos Sleepwear y Accesorios\",\"description\":\"\",\"publisher\":{\"@id\":\"https:\/\/petalosbyceg.com\/new\/#organization\"},\"potentialAction\":[{\"@type\":\"SearchAction\",\"target\":{\"@type\":\"EntryPoint\",\"urlTemplate\":\"https:\/\/petalosbyceg.com\/new\/?s={search_term_string}\"},\"query-input\":\"required name=search_term_string\"}],\"inLanguage\":\"en-US\"},{\"@type\":\"Organization\",\"@id\":\"https:\/\/petalosbyceg.com\/new\/#organization\",\"name\":\"Petalos Sleepwear y Accesorios\",\"url\":\"https:\/\/petalosbyceg.com\/new\/\",\"logo\":{\"@type\":\"ImageObject\",\"inLanguage\":\"en-US\",\"@id\":\"https:\/\/petalosbyceg.com\/new\/#\/schema\/logo\/image\/\",\"url\":\"https:\/\/petalosbyceg.com\/new\/wp-content\/uploads\/2023\/08\/logo-horizontal-petalos.png\",\"contentUrl\":\"https:\/\/petalosbyceg.com\/new\/wp-content\/uploads\/2023\/08\/logo-horizontal-petalos.png\",\"width\":900,\"height\":289,\"caption\":\"Petalos Sleepwear y Accesorios\"},\"image\":{\"@id\":\"https:\/\/petalosbyceg.com\/new\/#\/schema\/logo\/image\/\"},\"sameAs\":[\"https:\/\/www.facebook.com\/profile.php?id=100080175342438\",\"https:\/\/www.instagram.com\/petalosbyceg\/\"]}]}<\/script>\n<meta property=\"og:availability\" content=\"instock\" \/>\n<meta property=\"product:availability\" content=\"instock\" \/>\n<meta property=\"product:retailer_item_id\" content=\"conjunto sudadera\" \/>\n<meta property=\"product:condition\" content=\"new\" \/>\n<!-- \/ Yoast SEO Premium plugin. -->","yoast_head_json":{"title":"BETA - Petalos Sleepwear y Accesorios","robots":{"index":"index","follow":"follow","max-snippet":"max-snippet:-1","max-image-preview":"max-image-preview:large","max-video-preview":"max-video-preview:-1"},"canonical":"https:\/\/petalosbyceg.com\/new\/index.php\/producto\/beta\/","og_locale":"en_US","og_type":"article","og_title":"BETA","og_description":"conjunto multiuso, sudadera y camibuso en tejido de algod\u00f3n y elastano con textura tipo galleta. Esta prenda es ideal para estar c\u00f3moda en casa o dormir.","og_url":"https:\/\/petalosbyceg.com\/new\/index.php\/producto\/beta\/","og_site_name":"Petalos Sleepwear y Accesorios","article_publisher":"https:\/\/www.facebook.com\/profile.php?id=100080175342438","article_modified_time":"2026-01-07T22:55:18+00:00","og_image":[{"width":1707,"height":2560,"url":"https:\/\/petalosbyceg.com\/new\/wp-content\/uploads\/2023\/08\/PIJAMAS-26-scaled.jpg","type":"image\/jpeg"}],"twitter_card":"summary_large_image","twitter_misc":{"Availability":"In stock"},"schema":{"@context":"https:\/\/schema.org","@graph":[{"@type":"WebPage","@id":"https:\/\/petalosbyceg.com\/new\/index.php\/producto\/beta\/","url":"https:\/\/petalosbyceg.com\/new\/index.php\/producto\/beta\/","name":"BETA - Petalos Sleepwear y Accesorios","isPartOf":{"@id":"https:\/\/petalosbyceg.com\/new\/#website"},"datePublished":"2023-08-15T02:18:21+00:00","dateModified":"2026-01-07T22:55:18+00:00","breadcrumb":{"@id":"https:\/\/petalosbyceg.com\/new\/index.php\/producto\/beta\/#breadcrumb"},"inLanguage":"en-US","potentialAction":[{"@type":"ReadAction","target":["https:\/\/petalosbyceg.com\/new\/index.php\/producto\/beta\/"]}]},{"@type":"BreadcrumbList","@id":"https:\/\/petalosbyceg.com\/new\/index.php\/producto\/beta\/#breadcrumb","itemListElement":[{"@type":"ListItem","position":1,"name":"Portada","item":"https:\/\/petalosbyceg.com\/new\/"},{"@type":"ListItem","position":2,"name":"Tienda","item":"https:\/\/petalosbyceg.com\/new\/index.php\/tienda\/"},{"@type":"ListItem","position":3,"name":"BETA"}]},{"@type":"WebSite","@id":"https:\/\/petalosbyceg.com\/new\/#website","url":"https:\/\/petalosbyceg.com\/new\/","name":"Petalos Sleepwear y Accesorios","description":"","publisher":{"@id":"https:\/\/petalosbyceg.com\/new\/#organization"},"potentialAction":[{"@type":"SearchAction","target":{"@type":"EntryPoint","urlTemplate":"https:\/\/petalosbyceg.com\/new\/?s={search_term_string}"},"query-input":"required name=search_term_string"}],"inLanguage":"en-US"},{"@type":"Organization","@id":"https:\/\/petalosbyceg.com\/new\/#organization","name":"Petalos Sleepwear y Accesorios","url":"https:\/\/petalosbyceg.com\/new\/","logo":{"@type":"ImageObject","inLanguage":"en-US","@id":"https:\/\/petalosbyceg.com\/new\/#\/schema\/logo\/image\/","url":"https:\/\/petalosbyceg.com\/new\/wp-content\/uploads\/2023\/08\/logo-horizontal-petalos.png","contentUrl":"https:\/\/petalosbyceg.com\/new\/wp-content\/uploads\/2023\/08\/logo-horizontal-petalos.png","width":900,"height":289,"caption":"Petalos Sleepwear y Accesorios"},"image":{"@id":"https:\/\/petalosbyceg.com\/new\/#\/schema\/logo\/image\/"},"sameAs":["https:\/\/www.facebook.com\/profile.php?id=100080175342438","https:\/\/www.instagram.com\/petalosbyceg\/"]}]},"og_availability":"instock","product_availability":"instock","product_retailer_item_id":"conjunto sudadera","product_condition":"new"},"_links":{"self":[{"href":"https:\/\/petalosbyceg.com\/new\/index.php\/wp-json\/wp\/v2\/product\/402"}],"collection":[{"href":"https:\/\/petalosbyceg.com\/new\/index.php\/wp-json\/wp\/v2\/product"}],"about":[{"href":"https:\/\/petalosbyceg.com\/new\/index.php\/wp-json\/wp\/v2\/types\/product"}],"replies":[{"embeddable":true,"href":"https:\/\/petalosbyceg.com\/new\/index.php\/wp-json\/wp\/v2\/comments?post=402"}],"version-history":[{"count":1,"href":"https:\/\/petalosbyceg.com\/new\/index.php\/wp-json\/wp\/v2\/product\/402\/revisions"}],"predecessor-version":[{"id":403,"href":"https:\/\/petalosbyceg.com\/new\/index.php\/wp-json\/wp\/v2\/product\/402\/revisions\/403"}],"wp:featuredmedia":[{"embeddable":true,"href":"https:\/\/petalosbyceg.com\/new\/index.php\/wp-json\/wp\/v2\/media\/106"}],"wp:attachment":[{"href":"https:\/\/petalosbyceg.com\/new\/index.php\/wp-json\/wp\/v2\/media?parent=402"}],"wp:term":[{"taxonomy":"product_cat","embeddable":true,"href":"https:\/\/petalosbyceg.com\/new\/index.php\/wp-json\/wp\/v2\/product_cat?post=402"},{"taxonomy":"product_tag","embeddable":true,"href":"https:\/\/petalosbyceg.com\/new\/index.php\/wp-json\/wp\/v2\/product_tag?post=402"}],"curies":[{"name":"wp","href":"https:\/\/api.w.org\/{rel}","templated":true}]}}