{"id":489,"date":"2023-08-16T05:03:19","date_gmt":"2023-08-16T03:03:19","guid":{"rendered":"https:\/\/petalosbyceg.com\/new\/?post_type=product&#038;p=489"},"modified":"2026-02-01T23:53:20","modified_gmt":"2026-02-01T22:53:20","slug":"datura","status":"publish","type":"product","link":"https:\/\/petalosbyceg.com\/new\/index.php\/producto\/datura\/","title":{"rendered":"DATURA"},"content":{"rendered":"<p>Imagina deslizarte en un mundo de lujo y confort con este exquisito conjunto de pijama en forma de camis\u00f3n, confeccionado con materiales de alta calidad. La combinaci\u00f3n de sat\u00e9n y tul bordado te ofrece una experiencia de suavidad y elegancia que te envuelve en un abrazo de lujo y estilo.<\/p>\n<p>El sat\u00e9n, conocido por su tacto sedoso y su brillo sutil, le confiere a este pijama una sensaci\u00f3n lujosa contra la piel. Cada movimiento se transforma en un momento de gracia y delicadeza gracias a la ca\u00edda fluida y el brillo suave del sat\u00e9n. El tul bordado, por su parte, a\u00f1ade un toque de intrincado dise\u00f1o que realza a\u00fan m\u00e1s la belleza de esta prenda.<\/p>\n<p>Este camis\u00f3n no es solo una prenda para descansar; es una expresi\u00f3n de elegancia que se adapta tanto a tus momentos de relajaci\u00f3n como a tus momentos m\u00e1s especiales. Ya sea que est\u00e9s buscando a\u00f1adir un toque de glamour a tus noches o desees sentirte incre\u00edblemente c\u00f3moda mientras duermes, este conjunto tiene todo lo que necesitas.<\/p>\n<p>En resumen, este pijama en forma de camis\u00f3n confeccionado en sat\u00e9n y tul bordado es mucho m\u00e1s que una prenda para dormir. Es una pieza de lujo que te permite envolverte en suavidad y sofisticaci\u00f3n, convirtiendo tus momentos de descanso en experiencias elegantes y reconfortantes.<\/p>\n","protected":false},"excerpt":{"rendered":"<p>Pijama en Camis\u00f3n, sat\u00e9n y tul bordado <\/p>\n","protected":false},"featured_media":642,"comment_status":"open","ping_status":"closed","template":"","meta":[],"product_cat":[39,53,42,26,32,52,37],"product_tag":[],"yoast_head":"<!-- This site is optimized with the Yoast SEO Premium plugin v20.6 (Yoast SEO v22.1) - https:\/\/yoast.com\/wordpress\/plugins\/seo\/ -->\n<title>DATURA - Petalos Sleepwear y Accesorios<\/title>\n<meta name=\"robots\" content=\"index, follow, max-snippet:-1, max-image-preview:large, max-video-preview:-1\" \/>\n<link rel=\"canonical\" href=\"https:\/\/petalosbyceg.com\/new\/index.php\/producto\/datura\/\" \/>\n<meta property=\"og:locale\" content=\"en_US\" \/>\n<meta property=\"og:type\" content=\"article\" \/>\n<meta property=\"og:title\" content=\"DATURA\" \/>\n<meta property=\"og:description\" content=\"Pijama en Camis\u00f3n, sat\u00e9n y tul bordado\" \/>\n<meta property=\"og:url\" content=\"https:\/\/petalosbyceg.com\/new\/index.php\/producto\/datura\/\" \/>\n<meta property=\"og:site_name\" content=\"Petalos Sleepwear y Accesorios\" \/>\n<meta property=\"article:publisher\" content=\"https:\/\/www.facebook.com\/profile.php?id=100080175342438\" \/>\n<meta property=\"article:modified_time\" content=\"2026-02-01T22:53:20+00:00\" \/>\n<meta property=\"og:image\" content=\"https:\/\/petalosbyceg.com\/new\/wp-content\/uploads\/2023\/08\/DATURA.jpg\" \/>\n\t<meta property=\"og:image:width\" content=\"900\" \/>\n\t<meta property=\"og:image:height\" content=\"1330\" \/>\n\t<meta property=\"og:image:type\" content=\"image\/jpeg\" \/>\n<meta name=\"twitter:card\" content=\"summary_large_image\" \/>\n<meta name=\"twitter:label1\" content=\"Availability\" \/>\n\t<meta name=\"twitter:data1\" content=\"In stock\" \/>\n<script type=\"application\/ld+json\" class=\"yoast-schema-graph\">{\"@context\":\"https:\/\/schema.org\",\"@graph\":[{\"@type\":\"WebPage\",\"@id\":\"https:\/\/petalosbyceg.com\/new\/index.php\/producto\/datura\/\",\"url\":\"https:\/\/petalosbyceg.com\/new\/index.php\/producto\/datura\/\",\"name\":\"DATURA - Petalos Sleepwear y Accesorios\",\"isPartOf\":{\"@id\":\"https:\/\/petalosbyceg.com\/new\/#website\"},\"datePublished\":\"2023-08-16T03:03:19+00:00\",\"dateModified\":\"2026-02-01T22:53:20+00:00\",\"breadcrumb\":{\"@id\":\"https:\/\/petalosbyceg.com\/new\/index.php\/producto\/datura\/#breadcrumb\"},\"inLanguage\":\"en-US\",\"potentialAction\":[{\"@type\":\"ReadAction\",\"target\":[\"https:\/\/petalosbyceg.com\/new\/index.php\/producto\/datura\/\"]}]},{\"@type\":\"BreadcrumbList\",\"@id\":\"https:\/\/petalosbyceg.com\/new\/index.php\/producto\/datura\/#breadcrumb\",\"itemListElement\":[{\"@type\":\"ListItem\",\"position\":1,\"name\":\"Portada\",\"item\":\"https:\/\/petalosbyceg.com\/new\/\"},{\"@type\":\"ListItem\",\"position\":2,\"name\":\"Tienda\",\"item\":\"https:\/\/petalosbyceg.com\/new\/index.php\/tienda\/\"},{\"@type\":\"ListItem\",\"position\":3,\"name\":\"DATURA\"}]},{\"@type\":\"WebSite\",\"@id\":\"https:\/\/petalosbyceg.com\/new\/#website\",\"url\":\"https:\/\/petalosbyceg.com\/new\/\",\"name\":\"Petalos Sleepwear y Accesorios\",\"description\":\"\",\"publisher\":{\"@id\":\"https:\/\/petalosbyceg.com\/new\/#organization\"},\"potentialAction\":[{\"@type\":\"SearchAction\",\"target\":{\"@type\":\"EntryPoint\",\"urlTemplate\":\"https:\/\/petalosbyceg.com\/new\/?s={search_term_string}\"},\"query-input\":\"required name=search_term_string\"}],\"inLanguage\":\"en-US\"},{\"@type\":\"Organization\",\"@id\":\"https:\/\/petalosbyceg.com\/new\/#organization\",\"name\":\"Petalos Sleepwear y Accesorios\",\"url\":\"https:\/\/petalosbyceg.com\/new\/\",\"logo\":{\"@type\":\"ImageObject\",\"inLanguage\":\"en-US\",\"@id\":\"https:\/\/petalosbyceg.com\/new\/#\/schema\/logo\/image\/\",\"url\":\"https:\/\/petalosbyceg.com\/new\/wp-content\/uploads\/2023\/08\/logo-horizontal-petalos.png\",\"contentUrl\":\"https:\/\/petalosbyceg.com\/new\/wp-content\/uploads\/2023\/08\/logo-horizontal-petalos.png\",\"width\":900,\"height\":289,\"caption\":\"Petalos Sleepwear y Accesorios\"},\"image\":{\"@id\":\"https:\/\/petalosbyceg.com\/new\/#\/schema\/logo\/image\/\"},\"sameAs\":[\"https:\/\/www.facebook.com\/profile.php?id=100080175342438\",\"https:\/\/www.instagram.com\/petalosbyceg\/\"]}]}<\/script>\n<meta property=\"og:availability\" content=\"instock\" \/>\n<meta property=\"product:availability\" content=\"instock\" \/>\n<meta property=\"product:retailer_item_id\" content=\"BATA ROSA\" \/>\n<meta property=\"product:condition\" content=\"new\" \/>\n<!-- \/ Yoast SEO Premium plugin. -->","yoast_head_json":{"title":"DATURA - Petalos Sleepwear y Accesorios","robots":{"index":"index","follow":"follow","max-snippet":"max-snippet:-1","max-image-preview":"max-image-preview:large","max-video-preview":"max-video-preview:-1"},"canonical":"https:\/\/petalosbyceg.com\/new\/index.php\/producto\/datura\/","og_locale":"en_US","og_type":"article","og_title":"DATURA","og_description":"Pijama en Camis\u00f3n, sat\u00e9n y tul bordado","og_url":"https:\/\/petalosbyceg.com\/new\/index.php\/producto\/datura\/","og_site_name":"Petalos Sleepwear y Accesorios","article_publisher":"https:\/\/www.facebook.com\/profile.php?id=100080175342438","article_modified_time":"2026-02-01T22:53:20+00:00","og_image":[{"width":900,"height":1330,"url":"https:\/\/petalosbyceg.com\/new\/wp-content\/uploads\/2023\/08\/DATURA.jpg","type":"image\/jpeg"}],"twitter_card":"summary_large_image","twitter_misc":{"Availability":"In stock"},"schema":{"@context":"https:\/\/schema.org","@graph":[{"@type":"WebPage","@id":"https:\/\/petalosbyceg.com\/new\/index.php\/producto\/datura\/","url":"https:\/\/petalosbyceg.com\/new\/index.php\/producto\/datura\/","name":"DATURA - Petalos Sleepwear y Accesorios","isPartOf":{"@id":"https:\/\/petalosbyceg.com\/new\/#website"},"datePublished":"2023-08-16T03:03:19+00:00","dateModified":"2026-02-01T22:53:20+00:00","breadcrumb":{"@id":"https:\/\/petalosbyceg.com\/new\/index.php\/producto\/datura\/#breadcrumb"},"inLanguage":"en-US","potentialAction":[{"@type":"ReadAction","target":["https:\/\/petalosbyceg.com\/new\/index.php\/producto\/datura\/"]}]},{"@type":"BreadcrumbList","@id":"https:\/\/petalosbyceg.com\/new\/index.php\/producto\/datura\/#breadcrumb","itemListElement":[{"@type":"ListItem","position":1,"name":"Portada","item":"https:\/\/petalosbyceg.com\/new\/"},{"@type":"ListItem","position":2,"name":"Tienda","item":"https:\/\/petalosbyceg.com\/new\/index.php\/tienda\/"},{"@type":"ListItem","position":3,"name":"DATURA"}]},{"@type":"WebSite","@id":"https:\/\/petalosbyceg.com\/new\/#website","url":"https:\/\/petalosbyceg.com\/new\/","name":"Petalos Sleepwear y Accesorios","description":"","publisher":{"@id":"https:\/\/petalosbyceg.com\/new\/#organization"},"potentialAction":[{"@type":"SearchAction","target":{"@type":"EntryPoint","urlTemplate":"https:\/\/petalosbyceg.com\/new\/?s={search_term_string}"},"query-input":"required name=search_term_string"}],"inLanguage":"en-US"},{"@type":"Organization","@id":"https:\/\/petalosbyceg.com\/new\/#organization","name":"Petalos Sleepwear y Accesorios","url":"https:\/\/petalosbyceg.com\/new\/","logo":{"@type":"ImageObject","inLanguage":"en-US","@id":"https:\/\/petalosbyceg.com\/new\/#\/schema\/logo\/image\/","url":"https:\/\/petalosbyceg.com\/new\/wp-content\/uploads\/2023\/08\/logo-horizontal-petalos.png","contentUrl":"https:\/\/petalosbyceg.com\/new\/wp-content\/uploads\/2023\/08\/logo-horizontal-petalos.png","width":900,"height":289,"caption":"Petalos Sleepwear y Accesorios"},"image":{"@id":"https:\/\/petalosbyceg.com\/new\/#\/schema\/logo\/image\/"},"sameAs":["https:\/\/www.facebook.com\/profile.php?id=100080175342438","https:\/\/www.instagram.com\/petalosbyceg\/"]}]},"og_availability":"instock","product_availability":"instock","product_retailer_item_id":"BATA ROSA","product_condition":"new"},"_links":{"self":[{"href":"https:\/\/petalosbyceg.com\/new\/index.php\/wp-json\/wp\/v2\/product\/489"}],"collection":[{"href":"https:\/\/petalosbyceg.com\/new\/index.php\/wp-json\/wp\/v2\/product"}],"about":[{"href":"https:\/\/petalosbyceg.com\/new\/index.php\/wp-json\/wp\/v2\/types\/product"}],"replies":[{"embeddable":true,"href":"https:\/\/petalosbyceg.com\/new\/index.php\/wp-json\/wp\/v2\/comments?post=489"}],"version-history":[{"count":2,"href":"https:\/\/petalosbyceg.com\/new\/index.php\/wp-json\/wp\/v2\/product\/489\/revisions"}],"predecessor-version":[{"id":495,"href":"https:\/\/petalosbyceg.com\/new\/index.php\/wp-json\/wp\/v2\/product\/489\/revisions\/495"}],"wp:featuredmedia":[{"embeddable":true,"href":"https:\/\/petalosbyceg.com\/new\/index.php\/wp-json\/wp\/v2\/media\/642"}],"wp:attachment":[{"href":"https:\/\/petalosbyceg.com\/new\/index.php\/wp-json\/wp\/v2\/media?parent=489"}],"wp:term":[{"taxonomy":"product_cat","embeddable":true,"href":"https:\/\/petalosbyceg.com\/new\/index.php\/wp-json\/wp\/v2\/product_cat?post=489"},{"taxonomy":"product_tag","embeddable":true,"href":"https:\/\/petalosbyceg.com\/new\/index.php\/wp-json\/wp\/v2\/product_tag?post=489"}],"curies":[{"name":"wp","href":"https:\/\/api.w.org\/{rel}","templated":true}]}}