{"id":516,"date":"2023-08-16T05:40:21","date_gmt":"2023-08-16T03:40:21","guid":{"rendered":"https:\/\/petalosbyceg.com\/new\/?post_type=product&#038;p=516"},"modified":"2026-02-01T23:50:54","modified_gmt":"2026-02-01T22:50:54","slug":"acacia","status":"publish","type":"product","link":"https:\/\/petalosbyceg.com\/new\/index.php\/producto\/acacia\/","title":{"rendered":"ACACIA"},"content":{"rendered":"<p>Imagina vestirte con este encantador pijama camis\u00f3n confeccionado en sat\u00e9n y gaza con sutiles toques de lurex. Cada detalle de esta prenda est\u00e1 dise\u00f1ado para resaltar la elegancia y realzar las ocasiones especiales.<\/p>\n<p>La combinaci\u00f3n de sat\u00e9n y gaza con lurex crea una sinfon\u00eda de texturas y brillos que a\u00f1ade un aura de lujo a este conjunto. El sat\u00e9n aporta su caracter\u00edstico tacto suave y su brillo sutil, mientras que el lurex agrega un toque de destellos brillantes, como peque\u00f1as estrellas titilantes. Esta fusi\u00f3n de elementos crea una experiencia visual y t\u00e1ctil \u00fanica.<\/p>\n<p>Los botones en n\u00e1car no solo son un detalle funcional, sino que tambi\u00e9n a\u00f1aden un toque de elegancia cl\u00e1sica. Su brillo suave y su aspecto natural complementan perfectamente los materiales del pijama, aportando un toque adicional de refinamiento.<\/p>\n<p>Este pijama camis\u00f3n es m\u00e1s que una simple prenda de dormir. Su dise\u00f1o sofisticado lo hace perfecto para ocasiones especiales donde deseas sentirte hermosa y \u00fanica. Ya sea que est\u00e9s celebrando un evento especial en casa o quieras a\u00f1adir un toque de glamour a tus momentos de relajaci\u00f3n, este conjunto es la elecci\u00f3n ideal.<\/p>\n<p>En resumen, este pijama camis\u00f3n en sat\u00e9n y gaza con lurex, con sus detalles cuidadosamente seleccionados y su dise\u00f1o elegante, es la prenda perfecta para resaltar la belleza y celebrar ocasiones especiales de una manera \u00fanica y exquisita.<\/p>\n","protected":false},"excerpt":{"rendered":"<p>Pijama camis\u00f3n, sat\u00e9n y gaza con lurex, botones en n\u00e1car, ideal para ocasiones especiales.<\/p>\n","protected":false},"featured_media":88,"comment_status":"open","ping_status":"closed","template":"","meta":[],"product_cat":[39,53,42,32,52,37],"product_tag":[],"yoast_head":"<!-- This site is optimized with the Yoast SEO Premium plugin v20.6 (Yoast SEO v22.1) - https:\/\/yoast.com\/wordpress\/plugins\/seo\/ -->\n<title>ACACIA - Petalos Sleepwear y Accesorios<\/title>\n<meta name=\"robots\" content=\"index, follow, max-snippet:-1, max-image-preview:large, max-video-preview:-1\" \/>\n<link rel=\"canonical\" href=\"https:\/\/petalosbyceg.com\/new\/index.php\/producto\/acacia\/\" \/>\n<meta property=\"og:locale\" content=\"en_US\" \/>\n<meta property=\"og:type\" content=\"article\" \/>\n<meta property=\"og:title\" content=\"ACACIA\" \/>\n<meta property=\"og:description\" content=\"Pijama camis\u00f3n, sat\u00e9n y gaza con lurex, botones en n\u00e1car, ideal para ocasiones especiales.\" \/>\n<meta property=\"og:url\" content=\"https:\/\/petalosbyceg.com\/new\/index.php\/producto\/acacia\/\" \/>\n<meta property=\"og:site_name\" content=\"Petalos Sleepwear y Accesorios\" \/>\n<meta property=\"article:publisher\" content=\"https:\/\/www.facebook.com\/profile.php?id=100080175342438\" \/>\n<meta property=\"article:modified_time\" content=\"2026-02-01T22:50:54+00:00\" \/>\n<meta property=\"og:image\" content=\"https:\/\/petalosbyceg.com\/new\/wp-content\/uploads\/2023\/08\/PIJAMAS-9-scaled.jpg\" \/>\n\t<meta property=\"og:image:width\" content=\"1707\" \/>\n\t<meta property=\"og:image:height\" content=\"2560\" \/>\n\t<meta property=\"og:image:type\" content=\"image\/jpeg\" \/>\n<meta name=\"twitter:card\" content=\"summary_large_image\" \/>\n<meta name=\"twitter:label1\" content=\"Availability\" \/>\n\t<meta name=\"twitter:data1\" content=\"In stock\" \/>\n<script type=\"application\/ld+json\" class=\"yoast-schema-graph\">{\"@context\":\"https:\/\/schema.org\",\"@graph\":[{\"@type\":\"WebPage\",\"@id\":\"https:\/\/petalosbyceg.com\/new\/index.php\/producto\/acacia\/\",\"url\":\"https:\/\/petalosbyceg.com\/new\/index.php\/producto\/acacia\/\",\"name\":\"ACACIA - Petalos Sleepwear y Accesorios\",\"isPartOf\":{\"@id\":\"https:\/\/petalosbyceg.com\/new\/#website\"},\"datePublished\":\"2023-08-16T03:40:21+00:00\",\"dateModified\":\"2026-02-01T22:50:54+00:00\",\"breadcrumb\":{\"@id\":\"https:\/\/petalosbyceg.com\/new\/index.php\/producto\/acacia\/#breadcrumb\"},\"inLanguage\":\"en-US\",\"potentialAction\":[{\"@type\":\"ReadAction\",\"target\":[\"https:\/\/petalosbyceg.com\/new\/index.php\/producto\/acacia\/\"]}]},{\"@type\":\"BreadcrumbList\",\"@id\":\"https:\/\/petalosbyceg.com\/new\/index.php\/producto\/acacia\/#breadcrumb\",\"itemListElement\":[{\"@type\":\"ListItem\",\"position\":1,\"name\":\"Portada\",\"item\":\"https:\/\/petalosbyceg.com\/new\/\"},{\"@type\":\"ListItem\",\"position\":2,\"name\":\"Tienda\",\"item\":\"https:\/\/petalosbyceg.com\/new\/index.php\/tienda\/\"},{\"@type\":\"ListItem\",\"position\":3,\"name\":\"ACACIA\"}]},{\"@type\":\"WebSite\",\"@id\":\"https:\/\/petalosbyceg.com\/new\/#website\",\"url\":\"https:\/\/petalosbyceg.com\/new\/\",\"name\":\"Petalos Sleepwear y Accesorios\",\"description\":\"\",\"publisher\":{\"@id\":\"https:\/\/petalosbyceg.com\/new\/#organization\"},\"potentialAction\":[{\"@type\":\"SearchAction\",\"target\":{\"@type\":\"EntryPoint\",\"urlTemplate\":\"https:\/\/petalosbyceg.com\/new\/?s={search_term_string}\"},\"query-input\":\"required name=search_term_string\"}],\"inLanguage\":\"en-US\"},{\"@type\":\"Organization\",\"@id\":\"https:\/\/petalosbyceg.com\/new\/#organization\",\"name\":\"Petalos Sleepwear y Accesorios\",\"url\":\"https:\/\/petalosbyceg.com\/new\/\",\"logo\":{\"@type\":\"ImageObject\",\"inLanguage\":\"en-US\",\"@id\":\"https:\/\/petalosbyceg.com\/new\/#\/schema\/logo\/image\/\",\"url\":\"https:\/\/petalosbyceg.com\/new\/wp-content\/uploads\/2023\/08\/logo-horizontal-petalos.png\",\"contentUrl\":\"https:\/\/petalosbyceg.com\/new\/wp-content\/uploads\/2023\/08\/logo-horizontal-petalos.png\",\"width\":900,\"height\":289,\"caption\":\"Petalos Sleepwear y Accesorios\"},\"image\":{\"@id\":\"https:\/\/petalosbyceg.com\/new\/#\/schema\/logo\/image\/\"},\"sameAs\":[\"https:\/\/www.facebook.com\/profile.php?id=100080175342438\",\"https:\/\/www.instagram.com\/petalosbyceg\/\"]}]}<\/script>\n<meta property=\"og:availability\" content=\"instock\" \/>\n<meta property=\"product:availability\" content=\"instock\" \/>\n<meta property=\"product:condition\" content=\"new\" \/>\n<!-- \/ Yoast SEO Premium plugin. -->","yoast_head_json":{"title":"ACACIA - Petalos Sleepwear y Accesorios","robots":{"index":"index","follow":"follow","max-snippet":"max-snippet:-1","max-image-preview":"max-image-preview:large","max-video-preview":"max-video-preview:-1"},"canonical":"https:\/\/petalosbyceg.com\/new\/index.php\/producto\/acacia\/","og_locale":"en_US","og_type":"article","og_title":"ACACIA","og_description":"Pijama camis\u00f3n, sat\u00e9n y gaza con lurex, botones en n\u00e1car, ideal para ocasiones especiales.","og_url":"https:\/\/petalosbyceg.com\/new\/index.php\/producto\/acacia\/","og_site_name":"Petalos Sleepwear y Accesorios","article_publisher":"https:\/\/www.facebook.com\/profile.php?id=100080175342438","article_modified_time":"2026-02-01T22:50:54+00:00","og_image":[{"width":1707,"height":2560,"url":"https:\/\/petalosbyceg.com\/new\/wp-content\/uploads\/2023\/08\/PIJAMAS-9-scaled.jpg","type":"image\/jpeg"}],"twitter_card":"summary_large_image","twitter_misc":{"Availability":"In stock"},"schema":{"@context":"https:\/\/schema.org","@graph":[{"@type":"WebPage","@id":"https:\/\/petalosbyceg.com\/new\/index.php\/producto\/acacia\/","url":"https:\/\/petalosbyceg.com\/new\/index.php\/producto\/acacia\/","name":"ACACIA - Petalos Sleepwear y Accesorios","isPartOf":{"@id":"https:\/\/petalosbyceg.com\/new\/#website"},"datePublished":"2023-08-16T03:40:21+00:00","dateModified":"2026-02-01T22:50:54+00:00","breadcrumb":{"@id":"https:\/\/petalosbyceg.com\/new\/index.php\/producto\/acacia\/#breadcrumb"},"inLanguage":"en-US","potentialAction":[{"@type":"ReadAction","target":["https:\/\/petalosbyceg.com\/new\/index.php\/producto\/acacia\/"]}]},{"@type":"BreadcrumbList","@id":"https:\/\/petalosbyceg.com\/new\/index.php\/producto\/acacia\/#breadcrumb","itemListElement":[{"@type":"ListItem","position":1,"name":"Portada","item":"https:\/\/petalosbyceg.com\/new\/"},{"@type":"ListItem","position":2,"name":"Tienda","item":"https:\/\/petalosbyceg.com\/new\/index.php\/tienda\/"},{"@type":"ListItem","position":3,"name":"ACACIA"}]},{"@type":"WebSite","@id":"https:\/\/petalosbyceg.com\/new\/#website","url":"https:\/\/petalosbyceg.com\/new\/","name":"Petalos Sleepwear y Accesorios","description":"","publisher":{"@id":"https:\/\/petalosbyceg.com\/new\/#organization"},"potentialAction":[{"@type":"SearchAction","target":{"@type":"EntryPoint","urlTemplate":"https:\/\/petalosbyceg.com\/new\/?s={search_term_string}"},"query-input":"required name=search_term_string"}],"inLanguage":"en-US"},{"@type":"Organization","@id":"https:\/\/petalosbyceg.com\/new\/#organization","name":"Petalos Sleepwear y Accesorios","url":"https:\/\/petalosbyceg.com\/new\/","logo":{"@type":"ImageObject","inLanguage":"en-US","@id":"https:\/\/petalosbyceg.com\/new\/#\/schema\/logo\/image\/","url":"https:\/\/petalosbyceg.com\/new\/wp-content\/uploads\/2023\/08\/logo-horizontal-petalos.png","contentUrl":"https:\/\/petalosbyceg.com\/new\/wp-content\/uploads\/2023\/08\/logo-horizontal-petalos.png","width":900,"height":289,"caption":"Petalos Sleepwear y Accesorios"},"image":{"@id":"https:\/\/petalosbyceg.com\/new\/#\/schema\/logo\/image\/"},"sameAs":["https:\/\/www.facebook.com\/profile.php?id=100080175342438","https:\/\/www.instagram.com\/petalosbyceg\/"]}]},"og_availability":"instock","product_availability":"instock","product_condition":"new"},"_links":{"self":[{"href":"https:\/\/petalosbyceg.com\/new\/index.php\/wp-json\/wp\/v2\/product\/516"}],"collection":[{"href":"https:\/\/petalosbyceg.com\/new\/index.php\/wp-json\/wp\/v2\/product"}],"about":[{"href":"https:\/\/petalosbyceg.com\/new\/index.php\/wp-json\/wp\/v2\/types\/product"}],"replies":[{"embeddable":true,"href":"https:\/\/petalosbyceg.com\/new\/index.php\/wp-json\/wp\/v2\/comments?post=516"}],"version-history":[{"count":2,"href":"https:\/\/petalosbyceg.com\/new\/index.php\/wp-json\/wp\/v2\/product\/516\/revisions"}],"predecessor-version":[{"id":524,"href":"https:\/\/petalosbyceg.com\/new\/index.php\/wp-json\/wp\/v2\/product\/516\/revisions\/524"}],"wp:featuredmedia":[{"embeddable":true,"href":"https:\/\/petalosbyceg.com\/new\/index.php\/wp-json\/wp\/v2\/media\/88"}],"wp:attachment":[{"href":"https:\/\/petalosbyceg.com\/new\/index.php\/wp-json\/wp\/v2\/media?parent=516"}],"wp:term":[{"taxonomy":"product_cat","embeddable":true,"href":"https:\/\/petalosbyceg.com\/new\/index.php\/wp-json\/wp\/v2\/product_cat?post=516"},{"taxonomy":"product_tag","embeddable":true,"href":"https:\/\/petalosbyceg.com\/new\/index.php\/wp-json\/wp\/v2\/product_tag?post=516"}],"curies":[{"name":"wp","href":"https:\/\/api.w.org\/{rel}","templated":true}]}}