{"id":99,"date":"2023-08-11T06:27:02","date_gmt":"2023-08-11T04:27:02","guid":{"rendered":"https:\/\/petalosbyceg.com\/new\/?post_type=product&#038;p=99"},"modified":"2026-01-07T23:56:49","modified_gmt":"2026-01-07T22:56:49","slug":"bixa","status":"publish","type":"product","link":"https:\/\/petalosbyceg.com\/new\/index.php\/producto\/bixa\/","title":{"rendered":"BIXA"},"content":{"rendered":"<p>Sum\u00e9rgete en un mundo de comodidad y estilo con nuestro exquisito conjunto multiuso. Dise\u00f1ado pensando en tu m\u00e1ximo confort, este conjunto te brinda la perfecta combinaci\u00f3n de elegancia y relajaci\u00f3n.<\/p>\n<p>El short y camibuso est\u00e1n confeccionados con un tejido de la m\u00e1s alta calidad, compuesto por una cuidadosa mezcla de algod\u00f3n y elastano. El algod\u00f3n, conocido por su suavidad natural y transpirabilidad, abraza tu piel con cari\u00f1o mientras te envuelve en una sensaci\u00f3n de lujo. El elastano aporta una flexibilidad incomparable, permitiendo que la prenda se adapte a tus movimientos con facilidad, sin sacrificar ni un \u00e1pice de su forma original.<\/p>\n<p>La textura innovadora, evocadora de la delicadeza de una galleta reci\u00e9n horneada, agrega un toque de sofisticaci\u00f3n a la prenda. Cada vez que te deslices en este conjunto, sentir\u00e1s la sutil caricia de la tela contra tu piel, record\u00e1ndote que la comodidad puede ser tanto sensorial como visual.<\/p>\n<p>Ya sea que desees pasar un relajante d\u00eda en casa o disfrutar de un sue\u00f1o reparador, esta prenda es tu compa\u00f1era perfecta. Su dise\u00f1o vers\u00e1til se adapta a todas las situaciones, desde momentos de tranquilidad hasta dulces sue\u00f1os nocturnos. Eleva tu estilo incluso en tus momentos de descanso con nuestro conjunto multiuso, donde la moda y la comodidad se entrelazan de manera armoniosa.<\/p>\n","protected":false},"excerpt":{"rendered":"<p>conjunto multiuso, short y camibuso en tejido de algod\u00f3n y elastano con textura tipo galleta. Esta prenda es ideal para estar c\u00f3moda en casa o dormir.<\/p>\n","protected":false},"featured_media":108,"comment_status":"open","ping_status":"closed","template":"","meta":[],"product_cat":[15,31],"product_tag":[],"yoast_head":"<!-- This site is optimized with the Yoast SEO Premium plugin v20.6 (Yoast SEO v22.1) - https:\/\/yoast.com\/wordpress\/plugins\/seo\/ -->\n<title>BIXA - Petalos Sleepwear y Accesorios<\/title>\n<meta name=\"robots\" content=\"index, follow, max-snippet:-1, max-image-preview:large, max-video-preview:-1\" \/>\n<link rel=\"canonical\" href=\"https:\/\/petalosbyceg.com\/new\/index.php\/producto\/bixa\/\" \/>\n<meta property=\"og:locale\" content=\"en_US\" \/>\n<meta property=\"og:type\" content=\"article\" \/>\n<meta property=\"og:title\" content=\"BIXA\" \/>\n<meta property=\"og:description\" content=\"conjunto multiuso, short y camibuso en tejido de algod\u00f3n y elastano con textura tipo galleta. Esta prenda es ideal para estar c\u00f3moda en casa o dormir.\" \/>\n<meta property=\"og:url\" content=\"https:\/\/petalosbyceg.com\/new\/index.php\/producto\/bixa\/\" \/>\n<meta property=\"og:site_name\" content=\"Petalos Sleepwear y Accesorios\" \/>\n<meta property=\"article:publisher\" content=\"https:\/\/www.facebook.com\/profile.php?id=100080175342438\" \/>\n<meta property=\"article:modified_time\" content=\"2026-01-07T22:56:49+00:00\" \/>\n<meta property=\"og:image\" content=\"https:\/\/petalosbyceg.com\/new\/wp-content\/uploads\/2023\/08\/PIJAMAS-28-scaled.jpg\" \/>\n\t<meta property=\"og:image:width\" content=\"1707\" \/>\n\t<meta property=\"og:image:height\" content=\"2560\" \/>\n\t<meta property=\"og:image:type\" content=\"image\/jpeg\" \/>\n<meta name=\"twitter:card\" content=\"summary_large_image\" \/>\n<meta name=\"twitter:label1\" content=\"Availability\" \/>\n\t<meta name=\"twitter:data1\" content=\"In stock\" \/>\n<script type=\"application\/ld+json\" class=\"yoast-schema-graph\">{\"@context\":\"https:\/\/schema.org\",\"@graph\":[{\"@type\":\"WebPage\",\"@id\":\"https:\/\/petalosbyceg.com\/new\/index.php\/producto\/bixa\/\",\"url\":\"https:\/\/petalosbyceg.com\/new\/index.php\/producto\/bixa\/\",\"name\":\"BIXA - Petalos Sleepwear y Accesorios\",\"isPartOf\":{\"@id\":\"https:\/\/petalosbyceg.com\/new\/#website\"},\"datePublished\":\"2023-08-11T04:27:02+00:00\",\"dateModified\":\"2026-01-07T22:56:49+00:00\",\"breadcrumb\":{\"@id\":\"https:\/\/petalosbyceg.com\/new\/index.php\/producto\/bixa\/#breadcrumb\"},\"inLanguage\":\"en-US\",\"potentialAction\":[{\"@type\":\"ReadAction\",\"target\":[\"https:\/\/petalosbyceg.com\/new\/index.php\/producto\/bixa\/\"]}]},{\"@type\":\"BreadcrumbList\",\"@id\":\"https:\/\/petalosbyceg.com\/new\/index.php\/producto\/bixa\/#breadcrumb\",\"itemListElement\":[{\"@type\":\"ListItem\",\"position\":1,\"name\":\"Portada\",\"item\":\"https:\/\/petalosbyceg.com\/new\/\"},{\"@type\":\"ListItem\",\"position\":2,\"name\":\"Tienda\",\"item\":\"https:\/\/petalosbyceg.com\/new\/index.php\/tienda\/\"},{\"@type\":\"ListItem\",\"position\":3,\"name\":\"BIXA\"}]},{\"@type\":\"WebSite\",\"@id\":\"https:\/\/petalosbyceg.com\/new\/#website\",\"url\":\"https:\/\/petalosbyceg.com\/new\/\",\"name\":\"Petalos Sleepwear y Accesorios\",\"description\":\"\",\"publisher\":{\"@id\":\"https:\/\/petalosbyceg.com\/new\/#organization\"},\"potentialAction\":[{\"@type\":\"SearchAction\",\"target\":{\"@type\":\"EntryPoint\",\"urlTemplate\":\"https:\/\/petalosbyceg.com\/new\/?s={search_term_string}\"},\"query-input\":\"required name=search_term_string\"}],\"inLanguage\":\"en-US\"},{\"@type\":\"Organization\",\"@id\":\"https:\/\/petalosbyceg.com\/new\/#organization\",\"name\":\"Petalos Sleepwear y Accesorios\",\"url\":\"https:\/\/petalosbyceg.com\/new\/\",\"logo\":{\"@type\":\"ImageObject\",\"inLanguage\":\"en-US\",\"@id\":\"https:\/\/petalosbyceg.com\/new\/#\/schema\/logo\/image\/\",\"url\":\"https:\/\/petalosbyceg.com\/new\/wp-content\/uploads\/2023\/08\/logo-horizontal-petalos.png\",\"contentUrl\":\"https:\/\/petalosbyceg.com\/new\/wp-content\/uploads\/2023\/08\/logo-horizontal-petalos.png\",\"width\":900,\"height\":289,\"caption\":\"Petalos Sleepwear y Accesorios\"},\"image\":{\"@id\":\"https:\/\/petalosbyceg.com\/new\/#\/schema\/logo\/image\/\"},\"sameAs\":[\"https:\/\/www.facebook.com\/profile.php?id=100080175342438\",\"https:\/\/www.instagram.com\/petalosbyceg\/\"]}]}<\/script>\n<meta property=\"og:availability\" content=\"instock\" \/>\n<meta property=\"product:availability\" content=\"instock\" \/>\n<meta property=\"product:retailer_item_id\" content=\"CONJUNTO SHORT\" \/>\n<meta property=\"product:condition\" content=\"new\" \/>\n<!-- \/ Yoast SEO Premium plugin. -->","yoast_head_json":{"title":"BIXA - Petalos Sleepwear y Accesorios","robots":{"index":"index","follow":"follow","max-snippet":"max-snippet:-1","max-image-preview":"max-image-preview:large","max-video-preview":"max-video-preview:-1"},"canonical":"https:\/\/petalosbyceg.com\/new\/index.php\/producto\/bixa\/","og_locale":"en_US","og_type":"article","og_title":"BIXA","og_description":"conjunto multiuso, short y camibuso en tejido de algod\u00f3n y elastano con textura tipo galleta. Esta prenda es ideal para estar c\u00f3moda en casa o dormir.","og_url":"https:\/\/petalosbyceg.com\/new\/index.php\/producto\/bixa\/","og_site_name":"Petalos Sleepwear y Accesorios","article_publisher":"https:\/\/www.facebook.com\/profile.php?id=100080175342438","article_modified_time":"2026-01-07T22:56:49+00:00","og_image":[{"width":1707,"height":2560,"url":"https:\/\/petalosbyceg.com\/new\/wp-content\/uploads\/2023\/08\/PIJAMAS-28-scaled.jpg","type":"image\/jpeg"}],"twitter_card":"summary_large_image","twitter_misc":{"Availability":"In stock"},"schema":{"@context":"https:\/\/schema.org","@graph":[{"@type":"WebPage","@id":"https:\/\/petalosbyceg.com\/new\/index.php\/producto\/bixa\/","url":"https:\/\/petalosbyceg.com\/new\/index.php\/producto\/bixa\/","name":"BIXA - Petalos Sleepwear y Accesorios","isPartOf":{"@id":"https:\/\/petalosbyceg.com\/new\/#website"},"datePublished":"2023-08-11T04:27:02+00:00","dateModified":"2026-01-07T22:56:49+00:00","breadcrumb":{"@id":"https:\/\/petalosbyceg.com\/new\/index.php\/producto\/bixa\/#breadcrumb"},"inLanguage":"en-US","potentialAction":[{"@type":"ReadAction","target":["https:\/\/petalosbyceg.com\/new\/index.php\/producto\/bixa\/"]}]},{"@type":"BreadcrumbList","@id":"https:\/\/petalosbyceg.com\/new\/index.php\/producto\/bixa\/#breadcrumb","itemListElement":[{"@type":"ListItem","position":1,"name":"Portada","item":"https:\/\/petalosbyceg.com\/new\/"},{"@type":"ListItem","position":2,"name":"Tienda","item":"https:\/\/petalosbyceg.com\/new\/index.php\/tienda\/"},{"@type":"ListItem","position":3,"name":"BIXA"}]},{"@type":"WebSite","@id":"https:\/\/petalosbyceg.com\/new\/#website","url":"https:\/\/petalosbyceg.com\/new\/","name":"Petalos Sleepwear y Accesorios","description":"","publisher":{"@id":"https:\/\/petalosbyceg.com\/new\/#organization"},"potentialAction":[{"@type":"SearchAction","target":{"@type":"EntryPoint","urlTemplate":"https:\/\/petalosbyceg.com\/new\/?s={search_term_string}"},"query-input":"required name=search_term_string"}],"inLanguage":"en-US"},{"@type":"Organization","@id":"https:\/\/petalosbyceg.com\/new\/#organization","name":"Petalos Sleepwear y Accesorios","url":"https:\/\/petalosbyceg.com\/new\/","logo":{"@type":"ImageObject","inLanguage":"en-US","@id":"https:\/\/petalosbyceg.com\/new\/#\/schema\/logo\/image\/","url":"https:\/\/petalosbyceg.com\/new\/wp-content\/uploads\/2023\/08\/logo-horizontal-petalos.png","contentUrl":"https:\/\/petalosbyceg.com\/new\/wp-content\/uploads\/2023\/08\/logo-horizontal-petalos.png","width":900,"height":289,"caption":"Petalos Sleepwear y Accesorios"},"image":{"@id":"https:\/\/petalosbyceg.com\/new\/#\/schema\/logo\/image\/"},"sameAs":["https:\/\/www.facebook.com\/profile.php?id=100080175342438","https:\/\/www.instagram.com\/petalosbyceg\/"]}]},"og_availability":"instock","product_availability":"instock","product_retailer_item_id":"CONJUNTO SHORT","product_condition":"new"},"_links":{"self":[{"href":"https:\/\/petalosbyceg.com\/new\/index.php\/wp-json\/wp\/v2\/product\/99"}],"collection":[{"href":"https:\/\/petalosbyceg.com\/new\/index.php\/wp-json\/wp\/v2\/product"}],"about":[{"href":"https:\/\/petalosbyceg.com\/new\/index.php\/wp-json\/wp\/v2\/types\/product"}],"replies":[{"embeddable":true,"href":"https:\/\/petalosbyceg.com\/new\/index.php\/wp-json\/wp\/v2\/comments?post=99"}],"version-history":[{"count":3,"href":"https:\/\/petalosbyceg.com\/new\/index.php\/wp-json\/wp\/v2\/product\/99\/revisions"}],"predecessor-version":[{"id":377,"href":"https:\/\/petalosbyceg.com\/new\/index.php\/wp-json\/wp\/v2\/product\/99\/revisions\/377"}],"wp:featuredmedia":[{"embeddable":true,"href":"https:\/\/petalosbyceg.com\/new\/index.php\/wp-json\/wp\/v2\/media\/108"}],"wp:attachment":[{"href":"https:\/\/petalosbyceg.com\/new\/index.php\/wp-json\/wp\/v2\/media?parent=99"}],"wp:term":[{"taxonomy":"product_cat","embeddable":true,"href":"https:\/\/petalosbyceg.com\/new\/index.php\/wp-json\/wp\/v2\/product_cat?post=99"},{"taxonomy":"product_tag","embeddable":true,"href":"https:\/\/petalosbyceg.com\/new\/index.php\/wp-json\/wp\/v2\/product_tag?post=99"}],"curies":[{"name":"wp","href":"https:\/\/api.w.org\/{rel}","templated":true}]}}